{"id":149,"date":"2024-01-26T19:18:39","date_gmt":"2024-01-26T18:18:39","guid":{"rendered":"https:\/\/www.sedes.li\/unternehmen\/"},"modified":"2024-02-07T10:46:40","modified_gmt":"2024-02-07T09:46:40","slug":"entreprise","status":"publish","type":"page","link":"https:\/\/www.sedes.li\/fr\/","title":{"rendered":"Entreprise"},"content":{"rendered":"\t\t<div id=\"block-title-box-block_1802d5af50535c0df6ec13ddeaa8f939\" class=\"theme-block-title-box alignwide\">\n\t\t\t\t\t\t<div class=\"theme-block-title-box__inner\">\n\t\t\t\t\t\t\t\t\t<p class=\"theme-heading-overline is-style-overline\">Fiduciaire<\/p>\n\t\t\t\t\t\t\t\t\t<h1>une offre compl\u00e8te <br \/>\r\nde services<\/h1>\n\t\t\t\t\t\t\t\t<p>Il n\u2019y a gu\u00e8re de d\u00e9fi plus important que la transmission en toute s\u00e9curit\u00e9 de valeurs patrimoniales, de placements ou d\u2019une entreprise dans son ensemble \u00e0 la g\u00e9n\u00e9ration suivante. Avec son droit fiscal et son droit des fondations attrayants, le Liechtenstein offre des conditions optimales pour mettre en place des m\u00e9canismes de s\u00e9curit\u00e9 juridique sur plusieurs g\u00e9n\u00e9rations. Gr\u00e2ce \u00e0 un r\u00e9seau int\u00e9ressant de CDI (conventions relatives \u00e0 la double imposition) sign\u00e9es par le Liechtenstein, il est \u00e9galement possible de profiter, sur un plan global, de ces liens avec d\u2019autres places financi\u00e8res. Nous vous conseillons et vous accompagnons de mani\u00e8re compl\u00e8te pour toutes les questions relatives aux soci\u00e9t\u00e9s, fondations et trusts du Liechtenstein.<\/p>\n\t\t\t\t\t\t\t<\/div>\n\t\t<\/div>\n\t\t\n\n<div id=\"theme-block-company-cards-block_c01cc53a93991c350401e1b374728f1f\" class=\"theme-block-company-cards\">\n<div id=\"theme-block-company-card-image-block_1f66b625b0a958b4491da4892c9abf75\" class=\"theme-block-company-card-image has-block-link\"><a class=\"theme-block-company-card-image__block-link theme-block__block-link\" href=\"https:\/\/www.sedes.li\/kontakt#sedes\"><\/a><div class=\"theme-block-company-card-image__inner-container\"><figure class=\"theme-block-company-card-image__image\"><img loading=\"lazy\" decoding=\"async\" width=\"450\" height=\"130\" src=\"https:\/\/www.sedes.li\/wp-content\/uploads\/2024\/02\/logo-sedes.svg\" class=\"attachment-medium size-medium\" alt=\"\" \/><\/figure><\/div><\/div>\n\n<div id=\"theme-block-company-card-image-block_38011c165fd81a664b4fa798e3c581ec\" class=\"theme-block-company-card-image has-block-link\"><a class=\"theme-block-company-card-image__block-link theme-block__block-link\" href=\"https:\/\/www.sedes.li\/kontakt#cura\"><\/a><div class=\"theme-block-company-card-image__inner-container\"><figure class=\"theme-block-company-card-image__image\"><img loading=\"lazy\" decoding=\"async\" width=\"450\" height=\"130\" src=\"https:\/\/www.sedes.li\/wp-content\/uploads\/2024\/02\/logo-cura.svg\" class=\"attachment-medium size-medium\" alt=\"\" \/><\/figure><\/div><\/div>\n\n<div id=\"theme-block-company-card-image-block_cc2894641242dc1ffe6a264169011fcb\" class=\"theme-block-company-card-image has-block-link\"><a class=\"theme-block-company-card-image__block-link theme-block__block-link\" href=\"https:\/\/www.sedes.li\/kontakt#gestion\"><\/a><div class=\"theme-block-company-card-image__inner-container\"><figure class=\"theme-block-company-card-image__image\"><img loading=\"lazy\" decoding=\"async\" width=\"450\" height=\"130\" src=\"https:\/\/www.sedes.li\/wp-content\/uploads\/2024\/02\/logo-gestion.svg\" class=\"attachment-medium size-medium\" alt=\"\" \/><\/figure><\/div><\/div>\n\n<div id=\"theme-block-company-card-image-block_582f7f387767e2468e41fda27717b94f\" class=\"theme-block-company-card-image has-block-link\"><a class=\"theme-block-company-card-image__block-link theme-block__block-link\" href=\"https:\/\/www.sedes.li\/kontakt#central\"><\/a><div class=\"theme-block-company-card-image__inner-container\"><figure class=\"theme-block-company-card-image__image\"><img loading=\"lazy\" decoding=\"async\" width=\"450\" height=\"130\" src=\"https:\/\/www.sedes.li\/wp-content\/uploads\/2024\/02\/logo-central.svg\" class=\"attachment-medium size-medium\" alt=\"\" \/><\/figure><\/div><\/div>\n<\/div>","protected":false},"excerpt":{"rendered":"","protected":false},"author":1,"featured_media":0,"parent":0,"menu_order":-1000,"comment_status":"closed","ping_status":"closed","template":"","meta":{"footnotes":""},"class_list":["post-149","page","type-page","status-publish","hentry"],"acf":[],"_links":{"self":[{"href":"https:\/\/www.sedes.li\/fr\/wp-json\/wp\/v2\/pages\/149","targetHints":{"allow":["GET"]}}],"collection":[{"href":"https:\/\/www.sedes.li\/fr\/wp-json\/wp\/v2\/pages"}],"about":[{"href":"https:\/\/www.sedes.li\/fr\/wp-json\/wp\/v2\/types\/page"}],"author":[{"embeddable":true,"href":"https:\/\/www.sedes.li\/fr\/wp-json\/wp\/v2\/users\/1"}],"replies":[{"embeddable":true,"href":"https:\/\/www.sedes.li\/fr\/wp-json\/wp\/v2\/comments?post=149"}],"version-history":[{"count":26,"href":"https:\/\/www.sedes.li\/fr\/wp-json\/wp\/v2\/pages\/149\/revisions"}],"predecessor-version":[{"id":472,"href":"https:\/\/www.sedes.li\/fr\/wp-json\/wp\/v2\/pages\/149\/revisions\/472"}],"wp:attachment":[{"href":"https:\/\/www.sedes.li\/fr\/wp-json\/wp\/v2\/media?parent=149"}],"curies":[{"name":"wp","href":"https:\/\/api.w.org\/{rel}","templated":true}]}}